{"id":9541,"date":"2022-07-31T20:52:58","date_gmt":"2022-07-31T13:52:58","guid":{"rendered":"https:\/\/campaign.jysk.vn\/blog\/"},"modified":"2022-09-21T10:35:18","modified_gmt":"2022-09-21T03:35:18","slug":"blog","status":"publish","type":"page","link":"https:\/\/campaign.jysk.vn\/en\/blog\/","title":{"rendered":"Blog"},"content":{"rendered":"\t<section class=\"section\" id=\"section_1056320368\">\n\t\t<div class=\"bg section-bg fill bg-fill bg-loaded bg-loaded\" >\n\n\t\t\t\n\t\t\t\n\t\t\t\n\n\t\t<\/div>\n\n\t\t\n\n\t\t<div class=\"section-content relative\">\n\t\t\t\n\n  <div class=\"banner has-hover\" id=\"banner-71509533\">\n          <div class=\"banner-inner fill\">\n        <div class=\"banner-bg fill\" >\n            <div class=\"bg fill bg-fill bg-loaded\"><\/div>\n                                    \n                    <\/div>\n\t\t\n        <div class=\"banner-layers container\">\n            <div class=\"fill banner-link\"><\/div>            \n        <\/div>\n      <\/div>\n\n            \n<style>\n#banner-71509533 {\n  padding-top: 20%;\n}\n#banner-71509533 .bg.bg-loaded {\n  background-image: url(https:\/\/campaign.jysk.vn\/wp-content\/uploads\/2022\/07\/upload_e5f61aae346d4d68b53abf55ea03293f_master.jpg);\n}\n#banner-71509533 .bg {\n  background-position: 0% 59%;\n}\n#banner-71509533 .ux-shape-divider--top svg {\n  height: 150px;\n  --divider-top-width: 100%;\n}\n#banner-71509533 .ux-shape-divider--bottom svg {\n  height: 150px;\n  --divider-width: 100%;\n}\n<\/style>\n  <\/div>\n\n\n\t\t<\/div>\n\n\t\t\n<style>\n#section_1056320368 {\n  padding-top: 0px;\n  padding-bottom: 0px;\n}\n#section_1056320368 .ux-shape-divider--top svg {\n  height: 150px;\n  --divider-top-width: 100%;\n}\n#section_1056320368 .ux-shape-divider--bottom svg {\n  height: 150px;\n  --divider-width: 100%;\n}\n<\/style>\n\t<\/section>\n\t\n<div class=\"row\"  id=\"row-1243118082\">\n\n\t<div id=\"col-2138592566\" class=\"col small-12 large-12\"  >\n\t\t\t\t<div class=\"col-inner\"  >\n\t\t\t\n\t\t\t\n\t<div id=\"text-4072169490\" class=\"text\">\n\t\t\n<p style=\"display:flex;align-items:center;column-gap:10px;\"><a href=\"\/\">Home<\/a><img decoding=\"async\" style=\" margin-top: 3px;\" src=\"https:\/\/campaign.jysk.vn\/wp-content\/uploads\/2022\/09\/breadcrumb-icon.png\">Blog<\/p>\n\t\t\n<style>\n#text-4072169490 {\n  font-size: 0.9rem;\n}\n<\/style>\n\t<\/div>\n\t\n\t\t<\/div>\n\t\t\t\t\n<style>\n#col-2138592566 > .col-inner {\n  margin: 0px 0px 0px 10px;\n}\n@media (min-width:850px) {\n  #col-2138592566 > .col-inner {\n    margin: 0px 0px 0px 30px;\n  }\n}\n<\/style>\n\t<\/div>\n\n\t\n<\/div>\n<div class=\"row row-large\"  id=\"row-1082370486\">\n\n\t<div id=\"col-1958681980\" class=\"col medium-8 small-12 large-8\"  >\n\t\t\t\t<div class=\"col-inner\"  >\n\t\t\t\n\t\t\t\n<div class=\"row\"  id=\"row-461501767\">\n\n\t<div id=\"col-1588602581\" class=\"col small-12 large-12\"  >\n\t\t\t\t<div class=\"col-inner\"  >\n\t\t\t\n\t\t\t\n\n<div class=\"row row-collapse\">\n        <div class=\"col custom_post_item\">\n        <div class=\"col-inner\">\n            <a href=\"https:\/\/campaign.jysk.vn\/en\/bai-viet-test\/\" alt=\"b\u00e0i vi\u1ebft test\">\n                            <\/a>\n            <span class=\"posted-on\">Posted on <a href=\"https:\/\/campaign.jysk.vn\/en\/bai-viet-test\/\" rel=\"bookmark\"><time class=\"entry-date published updated\" datetime=\"2022-09-21T15:09:03+07:00\">21\/09\/2022<\/time><\/a><\/span><span class=\"byline\"> by <span class=\"meta-author vcard\"><a class=\"url fn n\" href=\"https:\/\/campaign.jysk.vn\/en\/author\/daniel\/\">Innocom<\/a><\/span><\/span> <a href=\"https:\/\/campaign.jysk.vn\/en\/category\/uncategorized\/\" rel=\"category tag\">Uncategorized<\/a>            <h2 class=\"entry-title\"><a href=\"https:\/\/campaign.jysk.vn\/en\/bai-viet-test\/\" rel=\"bookmark\" class=\"plain\">b\u00e0i vi\u1ebft test<\/a><\/h2>            <div class=\"entry-summary\">\n                                <div class=\"text-left\">\n                    <a class=\"more-link is-small\" href=\"https:\/\/campaign.jysk.vn\/en\/bai-viet-test\/\"\n                        style=\"text-decoration:underline;\">\u0110\u1ecdc th\u00eam<\/a>\n                <\/div>\n            <\/div>\n        <\/div>\n    <\/div>\n    <\/div>\n\n\n\t\t<\/div>\n\t\t\t\t\t<\/div>\n\n\t\n<\/div>\n\t\t<\/div>\n\t\t\t\t\n<style>\n#col-1958681980 > .col-inner {\n  padding: 0px 0px 0px 10px;\n}\n@media (min-width:850px) {\n  #col-1958681980 > .col-inner {\n    padding: 0px 0px 0px 15px;\n  }\n}\n<\/style>\n\t<\/div>\n\n\t\n\n\t<div id=\"col-1985176253\" class=\"col medium-3 small-12 large-3\"  >\n\t\t\t\t<div class=\"col-inner\"  >\n\t\t\t\n\t\t\t\n<ul class=\"sidebar-wrapper ul-reset\"><aside id=\"search-3\" class=\"widget widget_search\"><span class=\"widget-title \"><span>Search<\/span><\/span><div class=\"is-divider small\"><\/div>Search for products or inspiration<form method=\"get\" class=\"searchform\" action=\"https:\/\/campaign.jysk.vn\/en\/\" role=\"search\">\n\t\t<div class=\"flex-row relative\">\n\t\t\t<div class=\"flex-col flex-grow\">\n\t   \t   <input type=\"search\" class=\"search-field mb-0\" name=\"s\" value=\"\" id=\"s\" placeholder=\"Search for products or inspiration\" \/>\n\t\t\t<\/div>\n\t\t\t<div class=\"flex-col\">\n\t\t\t\t<button type=\"submit\" class=\"ux-search-submit submit-button secondary button icon mb-0\" aria-label=\"Submit\">\n\t\t\t\t\t<i class=\"icon-search\" ><\/i>\t\t\t\t<\/button>\n\t\t\t<\/div>\n\t\t<\/div>\n    <div class=\"live-search-results text-left z-top\"><\/div>\n<\/form>\n<\/aside><aside id=\"categories-3\" class=\"widget widget_categories\"><span class=\"widget-title \"><span>T\u1ea5t c\u1ea3 danh m\u1ee5c<\/span><\/span><div class=\"is-divider small\"><\/div>\n\t\t\t<ul>\n\t\t\t\t\t<li class=\"cat-item cat-item-112\"><a href=\"https:\/\/campaign.jysk.vn\/en\/category\/uncategorized\/\">Uncategorized<\/a>\n<\/li>\n\t\t\t<\/ul>\n\n\t\t\t<\/aside>\n\t\t<aside id=\"block_widget-3\" class=\"widget block_widget\">\n\t\t<span class=\"widget-title \"><span>B\u00e0i \u0111\u0103ng ph\u1ed5 bi\u1ebfn<\/span><\/span><div class=\"is-divider small\"><\/div>\n\t\t\n  \n    <div class=\"row large-columns-1 medium-columns-1 small-columns-1\">\n  <div class=\"col post-item\" >\n\t\t\t<div class=\"col-inner\">\n\t\t\t<a href=\"https:\/\/campaign.jysk.vn\/en\/bai-viet-test\/\" class=\"plain\">\n\t\t\t\t<div class=\"box box-default box-text-bottom box-blog-post has-hover\">\n          \t\t\t\t\t<div class=\"box-text text-left\" >\n\t\t\t\t\t<div class=\"box-text-inner blog-post-inner\">\n\n\t\t\t\t\t\n\t\t\t\t\t\t\t\t\t\t<h5 class=\"post-title is-large \">b\u00e0i vi\u1ebft test<\/h5>\n\t\t\t\t\t<div class=\"post-meta is-small op-8\">21\/09\/2022<\/div>\t\t\t\t\t<div class=\"is-divider\"><\/div>\n\t\t\t\t\t                    \n\t\t\t\t\t\n\t\t\t\t\t\n\t\t\t\t\t<\/div>\n\t\t\t\t\t<\/div>\n\t\t\t\t\t\t\t\t\t<\/div>\n\t\t\t\t<\/a>\n\t\t\t<\/div>\n\t\t<\/div><\/div>\n\t\t<\/aside>\n\t\t<aside id=\"tag_cloud-3\" class=\"widget widget_tag_cloud\"><span class=\"widget-title \"><span>Th\u1ebb<\/span><\/span><div class=\"is-divider small\"><\/div><div class=\"tagcloud\"><a href=\"https:\/\/campaign.jysk.vn\/en\/danh-muc-san-pham\/sofa-en\/2-3-seaters-sofa\/\" class=\"tag-cloud-link tag-link-163 tag-link-position-1\" style=\"font-size: 12.137931034483pt;\" aria-label=\"2-3 seaters sofa (7 items)\">2-3 seaters sofa<span class=\"tag-link-count\"> (7)<\/span><\/a>\n<a href=\"https:\/\/campaign.jysk.vn\/en\/danh-muc-san-pham\/sofa-en\/4-seaters-sofa\/\" class=\"tag-cloud-link tag-link-194 tag-link-position-2\" style=\"font-size: 12.827586206897pt;\" aria-label=\"4 seaters sofa (9 items)\">4 seaters sofa<span class=\"tag-link-count\"> (9)<\/span><\/a>\n<a href=\"https:\/\/campaign.jysk.vn\/en\/danh-muc-san-pham\/accessories\/\" class=\"tag-cloud-link tag-link-177 tag-link-position-3\" style=\"font-size: 16.551724137931pt;\" aria-label=\"Accessories (34 items)\">Accessories<span class=\"tag-link-count\"> (34)<\/span><\/a>\n<a href=\"https:\/\/campaign.jysk.vn\/en\/danh-muc-san-pham\/accessories-furniture\/\" class=\"tag-cloud-link tag-link-160 tag-link-position-4\" style=\"font-size: 11.310344827586pt;\" aria-label=\"Accessories Furniture (5 items)\">Accessories Furniture<span class=\"tag-link-count\"> (5)<\/span><\/a>\n<a href=\"https:\/\/campaign.jysk.vn\/en\/danh-muc-san-pham\/armchair\/\" class=\"tag-cloud-link tag-link-136 tag-link-position-5\" style=\"font-size: 12.137931034483pt;\" aria-label=\"Armchair (7 items)\">Armchair<span class=\"tag-link-count\"> (7)<\/span><\/a>\n<a href=\"https:\/\/campaign.jysk.vn\/en\/danh-muc-san-pham\/bench\/\" class=\"tag-cloud-link tag-link-141 tag-link-position-6\" style=\"font-size: 9.2413793103448pt;\" aria-label=\"Bench (2 items)\">Bench<span class=\"tag-link-count\"> (2)<\/span><\/a>\n<a href=\"https:\/\/campaign.jysk.vn\/en\/danh-muc-san-pham\/bolia-en\/\" class=\"tag-cloud-link tag-link-133 tag-link-position-7\" style=\"font-size: 21.586206896552pt;\" aria-label=\"Bolia (184 items)\">Bolia<span class=\"tag-link-count\"> (184)<\/span><\/a>\n<a href=\"https:\/\/campaign.jysk.vn\/en\/danh-muc-san-pham\/lighting\/bolia-lamps\/\" class=\"tag-cloud-link tag-link-184 tag-link-position-8\" style=\"font-size: 17.51724137931pt;\" aria-label=\"Bolia lamps (47 items)\">Bolia lamps<span class=\"tag-link-count\"> (47)<\/span><\/a>\n<a href=\"https:\/\/campaign.jysk.vn\/en\/danh-muc-san-pham\/sofa-en\/classic-sofas\/\" class=\"tag-cloud-link tag-link-195 tag-link-position-9\" style=\"font-size: 10.068965517241pt;\" aria-label=\"Classic sofas (3 items)\">Classic sofas<span class=\"tag-link-count\"> (3)<\/span><\/a>\n<a href=\"https:\/\/campaign.jysk.vn\/en\/danh-muc-san-pham\/coffee-table\/\" class=\"tag-cloud-link tag-link-134 tag-link-position-10\" style=\"font-size: 14.413793103448pt;\" aria-label=\"Coffee table (16 items)\">Coffee table<span class=\"tag-link-count\"> (16)<\/span><\/a>\n<a href=\"https:\/\/campaign.jysk.vn\/en\/danh-muc-san-pham\/sofa-en\/corner-sofas\/\" class=\"tag-cloud-link tag-link-152 tag-link-position-11\" style=\"font-size: 9.2413793103448pt;\" aria-label=\"Corner sofas (2 items)\">Corner sofas<span class=\"tag-link-count\"> (2)<\/span><\/a>\n<a href=\"https:\/\/campaign.jysk.vn\/en\/danh-muc-san-pham\/lighting\/decorative-lighting\/\" class=\"tag-cloud-link tag-link-183 tag-link-position-12\" style=\"font-size: 10.758620689655pt;\" aria-label=\"Decorative lighting (4 items)\">Decorative lighting<span class=\"tag-link-count\"> (4)<\/span><\/a>\n<a href=\"https:\/\/campaign.jysk.vn\/en\/danh-muc-san-pham\/desk\/\" class=\"tag-cloud-link tag-link-135 tag-link-position-13\" style=\"font-size: 8pt;\" aria-label=\"Desk (1 item)\">Desk<span class=\"tag-link-count\"> (1)<\/span><\/a>\n<a href=\"https:\/\/campaign.jysk.vn\/en\/danh-muc-san-pham\/dftp-en\/\" class=\"tag-cloud-link tag-link-126 tag-link-position-14\" style=\"font-size: 17.793103448276pt;\" aria-label=\"DFTP (51 items)\">DFTP<span class=\"tag-link-count\"> (51)<\/span><\/a>\n<a href=\"https:\/\/campaign.jysk.vn\/en\/danh-muc-san-pham\/dining-room\/dining-chai\/\" class=\"tag-cloud-link tag-link-139 tag-link-position-15\" style=\"font-size: 13.103448275862pt;\" aria-label=\"Dining chair (10 items)\">Dining chair<span class=\"tag-link-count\"> (10)<\/span><\/a>\n<a href=\"https:\/\/campaign.jysk.vn\/en\/danh-muc-san-pham\/dining-room\/\" class=\"tag-cloud-link tag-link-150 tag-link-position-16\" style=\"font-size: 14.896551724138pt;\" aria-label=\"Dining room (19 items)\">Dining room<span class=\"tag-link-count\"> (19)<\/span><\/a>\n<a href=\"https:\/\/campaign.jysk.vn\/en\/danh-muc-san-pham\/dining-room\/dinning-tables\/\" class=\"tag-cloud-link tag-link-197 tag-link-position-17\" style=\"font-size: 12.827586206897pt;\" aria-label=\"Dinning tables (9 items)\">Dinning tables<span class=\"tag-link-count\"> (9)<\/span><\/a>\n<a href=\"https:\/\/campaign.jysk.vn\/en\/danh-muc-san-pham\/lighting\/floor-lamp\/\" class=\"tag-cloud-link tag-link-178 tag-link-position-18\" style=\"font-size: 16.206896551724pt;\" aria-label=\"Floor Lamp (30 items)\">Floor Lamp<span class=\"tag-link-count\"> (30)<\/span><\/a>\n<a href=\"https:\/\/campaign.jysk.vn\/en\/danh-muc-san-pham\/accessories\/flowerpots\/\" class=\"tag-cloud-link tag-link-189 tag-link-position-19\" style=\"font-size: 16pt;\" aria-label=\"Flowerpots (28 items)\">Flowerpots<span class=\"tag-link-count\"> (28)<\/span><\/a>\n<a href=\"https:\/\/campaign.jysk.vn\/en\/danh-muc-san-pham\/furniture\/\" class=\"tag-cloud-link tag-link-148 tag-link-position-20\" style=\"font-size: 18.965517241379pt;\" aria-label=\"Furniture (77 items)\">Furniture<span class=\"tag-link-count\"> (77)<\/span><\/a>\n<a href=\"https:\/\/campaign.jysk.vn\/en\/danh-muc-san-pham\/lighting\/\" class=\"tag-cloud-link tag-link-159 tag-link-position-21\" style=\"font-size: 22pt;\" aria-label=\"Lighting (214 items)\">Lighting<span class=\"tag-link-count\"> (214)<\/span><\/a>\n<a href=\"https:\/\/campaign.jysk.vn\/en\/danh-muc-san-pham\/living-room\/\" class=\"tag-cloud-link tag-link-149 tag-link-position-22\" style=\"font-size: 14.896551724138pt;\" aria-label=\"Living room (19 items)\">Living room<span class=\"tag-link-count\"> (19)<\/span><\/a>\n<a href=\"https:\/\/campaign.jysk.vn\/en\/danh-muc-san-pham\/sofa-en\/modular-sofas\/\" class=\"tag-cloud-link tag-link-196 tag-link-position-23\" style=\"font-size: 12.827586206897pt;\" aria-label=\"Modular sofas (9 items)\">Modular sofas<span class=\"tag-link-count\"> (9)<\/span><\/a>\n<a href=\"https:\/\/campaign.jysk.vn\/en\/danh-muc-san-pham\/lighting\/nordlux-en\/\" class=\"tag-cloud-link tag-link-147 tag-link-position-24\" style=\"font-size: 20.206896551724pt;\" aria-label=\"Nordlux (116 items)\">Nordlux<span class=\"tag-link-count\"> (116)<\/span><\/a>\n<a href=\"https:\/\/campaign.jysk.vn\/en\/danh-muc-san-pham\/not-categorized\/\" class=\"tag-cloud-link tag-link-138 tag-link-position-25\" style=\"font-size: 9.2413793103448pt;\" aria-label=\"Not categorized (2 items)\">Not categorized<span class=\"tag-link-count\"> (2)<\/span><\/a>\n<a href=\"https:\/\/campaign.jysk.vn\/en\/danh-muc-san-pham\/lighting\/outdoor-lamps\/\" class=\"tag-cloud-link tag-link-182 tag-link-position-26\" style=\"font-size: 12.827586206897pt;\" aria-label=\"Outdoor lamps (9 items)\">Outdoor lamps<span class=\"tag-link-count\"> (9)<\/span><\/a>\n<a href=\"https:\/\/campaign.jysk.vn\/en\/danh-muc-san-pham\/lighting\/pendants\/\" class=\"tag-cloud-link tag-link-119 tag-link-position-27\" style=\"font-size: 19.793103448276pt;\" aria-label=\"Pendants (102 items)\">Pendants<span class=\"tag-link-count\"> (102)<\/span><\/a>\n<a href=\"https:\/\/campaign.jysk.vn\/en\/danh-muc-san-pham\/poufs\/\" class=\"tag-cloud-link tag-link-142 tag-link-position-28\" style=\"font-size: 12.48275862069pt;\" aria-label=\"Poufs (8 items)\">Poufs<span class=\"tag-link-count\"> (8)<\/span><\/a>\n<a href=\"https:\/\/campaign.jysk.vn\/en\/danh-muc-san-pham\/accessories\/rugs\/\" class=\"tag-cloud-link tag-link-193 tag-link-position-29\" style=\"font-size: 8pt;\" aria-label=\"Rugs (1 item)\">Rugs<span class=\"tag-link-count\"> (1)<\/span><\/a>\n<a href=\"https:\/\/campaign.jysk.vn\/en\/danh-muc-san-pham\/sale\/\" class=\"tag-cloud-link tag-link-212 tag-link-position-30\" style=\"font-size: 8pt;\" aria-label=\"Sale (1 item)\">Sale<span class=\"tag-link-count\"> (1)<\/span><\/a>\n<a href=\"https:\/\/campaign.jysk.vn\/en\/danh-muc-san-pham\/storage\/sideboards\/\" class=\"tag-cloud-link tag-link-200 tag-link-position-31\" style=\"font-size: 8pt;\" aria-label=\"Sideboards (1 item)\">Sideboards<span class=\"tag-link-count\"> (1)<\/span><\/a>\n<a href=\"https:\/\/campaign.jysk.vn\/en\/danh-muc-san-pham\/sofa-en\/\" class=\"tag-cloud-link tag-link-164 tag-link-position-32\" style=\"font-size: 14.413793103448pt;\" aria-label=\"Sofa (16 items)\">Sofa<span class=\"tag-link-count\"> (16)<\/span><\/a>\n<a href=\"https:\/\/campaign.jysk.vn\/en\/danh-muc-san-pham\/storage\/\" class=\"tag-cloud-link tag-link-198 tag-link-position-33\" style=\"font-size: 16pt;\" aria-label=\"Storage (28 items)\">Storage<span class=\"tag-link-count\"> (28)<\/span><\/a>\n<a href=\"https:\/\/campaign.jysk.vn\/en\/danh-muc-san-pham\/lighting\/table-lamp-en\/\" class=\"tag-cloud-link tag-link-181 tag-link-position-34\" style=\"font-size: 17.793103448276pt;\" aria-label=\"Table Lamp (51 items)\">Table Lamp<span class=\"tag-link-count\"> (51)<\/span><\/a>\n<a href=\"https:\/\/campaign.jysk.vn\/en\/danh-muc-san-pham\/vase\/\" class=\"tag-cloud-link tag-link-146 tag-link-position-35\" style=\"font-size: 16.551724137931pt;\" aria-label=\"Vases (34 items)\">Vases<span class=\"tag-link-count\"> (34)<\/span><\/a>\n<a href=\"https:\/\/campaign.jysk.vn\/en\/danh-muc-san-pham\/lighting\/wall-light\/\" class=\"tag-cloud-link tag-link-180 tag-link-position-36\" style=\"font-size: 15.793103448276pt;\" aria-label=\"Wall light (26 items)\">Wall light<span class=\"tag-link-count\"> (26)<\/span><\/a><\/div>\n<\/aside><\/ul>\n\t\t<\/div>\n\t\t\t\t\t<\/div>\n\n\t\n<\/div>\n","protected":false},"excerpt":{"rendered":"","protected":false},"author":1,"featured_media":0,"parent":0,"menu_order":0,"comment_status":"closed","ping_status":"closed","template":"page-blank.php","meta":{"footnotes":"","_links_to":"","_links_to_target":""},"class_list":["post-9541","page","type-page","status-publish","hentry"],"acf":[],"yoast_head":"<!-- This site is optimized with the Yoast SEO Premium plugin v18.8 (Yoast SEO v19.5.1) - https:\/\/yoast.com\/wordpress\/plugins\/seo\/ -->\n<title>Blog - JYSK Campaign<\/title>\n<meta name=\"robots\" content=\"noindex, follow, max-snippet:-1, max-image-preview:large, max-video-preview:-1\" \/>\n<meta property=\"og:locale\" content=\"en_US\" \/>\n<meta property=\"og:type\" content=\"article\" \/>\n<meta property=\"og:title\" content=\"Blog\" \/>\n<meta property=\"og:url\" content=\"https:\/\/campaign.jysk.vn\/en\/blog\/\" \/>\n<meta property=\"og:site_name\" content=\"JYSK Campaign\" \/>\n<meta property=\"article:modified_time\" content=\"2022-09-21T03:35:18+00:00\" \/>\n<meta property=\"og:image\" content=\"https:\/\/campaign.jysk.vn\/wp-content\/uploads\/2022\/09\/breadcrumb-icon.png\" \/>\n<meta name=\"twitter:card\" content=\"summary_large_image\" \/>\n<script type=\"application\/ld+json\" class=\"yoast-schema-graph\">{\"@context\":\"https:\/\/schema.org\",\"@graph\":[{\"@type\":\"WebPage\",\"@id\":\"https:\/\/campaign.jysk.vn\/en\/blog\/\",\"url\":\"https:\/\/campaign.jysk.vn\/en\/blog\/\",\"name\":\"Blog - JYSK Campaign\",\"isPartOf\":{\"@id\":\"https:\/\/campaign.jysk.vn\/#website\"},\"datePublished\":\"2022-07-31T13:52:58+00:00\",\"dateModified\":\"2022-09-21T03:35:18+00:00\",\"breadcrumb\":{\"@id\":\"https:\/\/campaign.jysk.vn\/en\/blog\/#breadcrumb\"},\"inLanguage\":\"en-US\",\"potentialAction\":[{\"@type\":\"ReadAction\",\"target\":[\"https:\/\/campaign.jysk.vn\/en\/blog\/\"]}]},{\"@type\":\"BreadcrumbList\",\"@id\":\"https:\/\/campaign.jysk.vn\/en\/blog\/#breadcrumb\",\"itemListElement\":[{\"@type\":\"ListItem\",\"position\":1,\"name\":\"Home\",\"item\":\"https:\/\/campaign.jysk.vn\/\"},{\"@type\":\"ListItem\",\"position\":2,\"name\":\"Blog\"}]},{\"@type\":\"WebSite\",\"@id\":\"https:\/\/campaign.jysk.vn\/#website\",\"url\":\"https:\/\/campaign.jysk.vn\/\",\"name\":\"JYSK Campaign\",\"description\":\"Campaign Landing pages of JYSK\",\"publisher\":{\"@id\":\"https:\/\/campaign.jysk.vn\/#organization\"},\"potentialAction\":[{\"@type\":\"SearchAction\",\"target\":{\"@type\":\"EntryPoint\",\"urlTemplate\":\"https:\/\/campaign.jysk.vn\/?s={search_term_string}\"},\"query-input\":\"required name=search_term_string\"}],\"inLanguage\":\"en-US\"},{\"@type\":\"Organization\",\"@id\":\"https:\/\/campaign.jysk.vn\/#organization\",\"name\":\"JYSK Campaign\",\"url\":\"https:\/\/campaign.jysk.vn\/\",\"sameAs\":[],\"logo\":{\"@type\":\"ImageObject\",\"inLanguage\":\"en-US\",\"@id\":\"https:\/\/campaign.jysk.vn\/#\/schema\/logo\/image\/\",\"url\":\"https:\/\/campaign.jysk.vn\/wp-content\/uploads\/2024\/06\/Logo.png\",\"contentUrl\":\"https:\/\/campaign.jysk.vn\/wp-content\/uploads\/2024\/06\/Logo.png\",\"width\":900,\"height\":411,\"caption\":\"JYSK Campaign\"},\"image\":{\"@id\":\"https:\/\/campaign.jysk.vn\/#\/schema\/logo\/image\/\"}}]}<\/script>\n<!-- \/ Yoast SEO Premium plugin. -->","yoast_head_json":{"title":"Blog - JYSK Campaign","robots":{"index":"noindex","follow":"follow","max-snippet":"max-snippet:-1","max-image-preview":"max-image-preview:large","max-video-preview":"max-video-preview:-1"},"og_locale":"en_US","og_type":"article","og_title":"Blog","og_url":"https:\/\/campaign.jysk.vn\/en\/blog\/","og_site_name":"JYSK Campaign","article_modified_time":"2022-09-21T03:35:18+00:00","og_image":[{"url":"https:\/\/campaign.jysk.vn\/wp-content\/uploads\/2022\/09\/breadcrumb-icon.png"}],"twitter_card":"summary_large_image","schema":{"@context":"https:\/\/schema.org","@graph":[{"@type":"WebPage","@id":"https:\/\/campaign.jysk.vn\/en\/blog\/","url":"https:\/\/campaign.jysk.vn\/en\/blog\/","name":"Blog - JYSK Campaign","isPartOf":{"@id":"https:\/\/campaign.jysk.vn\/#website"},"datePublished":"2022-07-31T13:52:58+00:00","dateModified":"2022-09-21T03:35:18+00:00","breadcrumb":{"@id":"https:\/\/campaign.jysk.vn\/en\/blog\/#breadcrumb"},"inLanguage":"en-US","potentialAction":[{"@type":"ReadAction","target":["https:\/\/campaign.jysk.vn\/en\/blog\/"]}]},{"@type":"BreadcrumbList","@id":"https:\/\/campaign.jysk.vn\/en\/blog\/#breadcrumb","itemListElement":[{"@type":"ListItem","position":1,"name":"Home","item":"https:\/\/campaign.jysk.vn\/"},{"@type":"ListItem","position":2,"name":"Blog"}]},{"@type":"WebSite","@id":"https:\/\/campaign.jysk.vn\/#website","url":"https:\/\/campaign.jysk.vn\/","name":"JYSK Campaign","description":"Campaign Landing pages of JYSK","publisher":{"@id":"https:\/\/campaign.jysk.vn\/#organization"},"potentialAction":[{"@type":"SearchAction","target":{"@type":"EntryPoint","urlTemplate":"https:\/\/campaign.jysk.vn\/?s={search_term_string}"},"query-input":"required name=search_term_string"}],"inLanguage":"en-US"},{"@type":"Organization","@id":"https:\/\/campaign.jysk.vn\/#organization","name":"JYSK Campaign","url":"https:\/\/campaign.jysk.vn\/","sameAs":[],"logo":{"@type":"ImageObject","inLanguage":"en-US","@id":"https:\/\/campaign.jysk.vn\/#\/schema\/logo\/image\/","url":"https:\/\/campaign.jysk.vn\/wp-content\/uploads\/2024\/06\/Logo.png","contentUrl":"https:\/\/campaign.jysk.vn\/wp-content\/uploads\/2024\/06\/Logo.png","width":900,"height":411,"caption":"JYSK Campaign"},"image":{"@id":"https:\/\/campaign.jysk.vn\/#\/schema\/logo\/image\/"}}]}},"_links":{"self":[{"href":"https:\/\/campaign.jysk.vn\/en\/wp-json\/wp\/v2\/pages\/9541","targetHints":{"allow":["GET"]}}],"collection":[{"href":"https:\/\/campaign.jysk.vn\/en\/wp-json\/wp\/v2\/pages"}],"about":[{"href":"https:\/\/campaign.jysk.vn\/en\/wp-json\/wp\/v2\/types\/page"}],"author":[{"embeddable":true,"href":"https:\/\/campaign.jysk.vn\/en\/wp-json\/wp\/v2\/users\/1"}],"replies":[{"embeddable":true,"href":"https:\/\/campaign.jysk.vn\/en\/wp-json\/wp\/v2\/comments?post=9541"}],"version-history":[{"count":1,"href":"https:\/\/campaign.jysk.vn\/en\/wp-json\/wp\/v2\/pages\/9541\/revisions"}],"predecessor-version":[{"id":9542,"href":"https:\/\/campaign.jysk.vn\/en\/wp-json\/wp\/v2\/pages\/9541\/revisions\/9542"}],"wp:attachment":[{"href":"https:\/\/campaign.jysk.vn\/en\/wp-json\/wp\/v2\/media?parent=9541"}],"curies":[{"name":"wp","href":"https:\/\/api.w.org\/{rel}","templated":true}]}}